{"id":3707,"date":"2022-03-25T11:06:29","date_gmt":"2022-03-25T10:06:29","guid":{"rendered":"https:\/\/www.kvg.org\/private-persons\/aufenthalt-in-der-eu-efta\/"},"modified":"2023-03-17T14:25:46","modified_gmt":"2023-03-17T13:25:46","slug":"stay-in-the-eu-efta","status":"publish","type":"page","link":"https:\/\/www.kvg.org\/en\/private-persons\/stay-in-the-eu-efta\/","title":{"rendered":"Stay in the EU\/EFTA or in UK"},"content":{"rendered":"\n<div class=\"grid-container\"><div class=\"ghostkit-grid ghostkit-grid-gap-md ghostkit-grid-justify-content-between\"><div class=\"ghostkit-grid-inner\">\n<div class=\"ghostkit-col ghostkit-col-md-12 ghostkit-col-7\"><div class=\"ghostkit-col-content is-layout-flow wp-block-grid-column-is-layout-flow\">\n<h2 class=\"wp-block-heading\" id=\"allgemeines\">Allgemeines<\/h2>\n\n\n\n<p>Versicherte einer Schweizer Krankenversicherung haben w\u00e4hrend ihres vor\u00fcbergehenden Aufenthalts in der EU\/EFTA oder im UK Anspruch auf unvorhergesehene medizinische Behandlungen bei Krankheit, Unfall oder Mutterschaft. Grundlage hierf\u00fcr ist die Europ\u00e4ische Krankenversicherungskarte. Diese Karte wird von Ihrem Krankenversicherer ausgestellt, bei welchem Sie die Grundversicherung (obligatorische Krankenpflegeversicherung, KVG) abgeschlossen haben und verleiht Ihnen den Anspruch auf Sachleistungen, die sich w\u00e4hrend Ihrer voraussichtlichen Aufenthaltsdauer als medizinisch notwendig erweisen. Der Leistungsanspruch richtet sich nach den Vorschriften des gesetzlichen Krankenversicherungssystems im Aufenthaltsstaat und entspricht den Bedingungen und Kosten, wie sie auch f\u00fcr die Versicherten des jeweiligen Landes gelten. Sie sollten die Europ\u00e4ische Krankenversicherungskarte in jedem Fall mit sich tragen.<\/p>\n\n\n\n<figure class=\"wp-block-image size-full\"><img decoding=\"async\" width=\"525\" height=\"393\" src=\"https:\/\/www.kvg.org\/wp-content\/uploads\/muster-der-europaischen-krankenversicherungskarte.png\" alt=\"\" class=\"wp-image-2196\" srcset=\"https:\/\/www.kvg.org\/wp-content\/uploads\/muster-der-europaischen-krankenversicherungskarte.png 525w, https:\/\/www.kvg.org\/wp-content\/uploads\/muster-der-europaischen-krankenversicherungskarte-300x225.png 300w, https:\/\/www.kvg.org\/wp-content\/uploads\/muster-der-europaischen-krankenversicherungskarte-264x198.png 264w, https:\/\/www.kvg.org\/wp-content\/uploads\/muster-der-europaischen-krankenversicherungskarte-72x54.png 72w, https:\/\/www.kvg.org\/wp-content\/uploads\/muster-der-europaischen-krankenversicherungskarte-427x320.png 427w, https:\/\/www.kvg.org\/wp-content\/uploads\/muster-der-europaischen-krankenversicherungskarte-56x42.png 56w, https:\/\/www.kvg.org\/wp-content\/uploads\/muster-der-europaischen-krankenversicherungskarte-80x60.png 80w\" sizes=\"(max-width: 525px) 100vw, 525px\"><figcaption>Muster der Europ\u00e4ischen Krankenversicherungskarte<\/figcaption><\/figure>\n\n\n\n<h3 class=\"wp-block-heading\" id=\"europaische-krankenversicherungskarte-vergessen-oder-verloren\">Europ\u00e4ische Krankenversicherungskarte vergessen oder verloren?<\/h3>\n\n\n\n<p>Einige Krankenversicherer verf\u00fcgen \u00fcber Servicetelefonnummern (Hotlines), bei welchen Sie telefonisch Unterst\u00fctzung erhalten. Erkundigen Sie sich bitte bei Ihrem Krankenversicherer vor Ihrer Abreise ins Ausland und wenden Sie sich im Schadenfall direkt an diesen. <br><br>Die Leistungskataloge der EU\/EFTA bzw. des UK bieten oftmals \u00e4hnliche Leistungen wie Sie sie aus der Schweiz kennen. Allerdings sind unterschiedliche Zahlungsmodalit\u00e4ten und vor allem auch andere Kostenbeteiligungen zu ber\u00fccksichtigen. <br><br><strong>W\u00e4hlen Sie hier das Ihrem Aufenthaltsstaat entsprechende Informationsblatt und lesen Sie es aufmerksam durch. Wenden Sie sich bei Fragen bitte an Ihren Krankenversicherer in der Schweiz.<\/strong> <br><br>Wir w\u00fcnschen Ihnen einen angenehmen, gesunden Aufenthalt!<\/p>\n\n\n\n<p><br>* Belgien, Bulgarien, D\u00e4nemark, Deutschland, Estland, Finnland, Frankreich, Griechenland, Irland, Italien, Kroatien, Lettland, Litauen, Luxemburg, Malta, Niederlande, \u00d6sterreich, Polen, Portugal, Rum\u00e4nien, Schweden, Slowakei, Slowenien, Spanien, Tschechien, Ungarn, Zypern. <br><br>** Island, Liechtenstein, Norwegen<\/p>\n<\/div><\/div>\n\n\n\n<div class=\"ghostkit-col ghostkit-col-md-12 ghostkit-col-xl-5 ghostkit-col-4\"><div class=\"ghostkit-col-content is-layout-flow wp-block-grid-column-is-layout-flow\">\n<div class=\"wp-block-wk-link-box-grid link-box-grid has-1-columns\">\n<div class=\"wp-block-wk-link-box link-box\"><h3 class=\"link-box__title\">Informationen zu L\u00e4ndern<\/h3><p class=\"link-box__text\">Informationen zu den einzelnen L\u00e4ndern finden Sie \u00fcber den folgenden Link.<\/p><a href=\"https:\/\/ec.europa.eu\/social\/main.jsp?catId=1021&amp;langId=de\" target=\"_blank\" class=\"link-box__button button\" rel=\"noopener noreferrer\">Mehr<\/a><\/div>\n\n\n\n<div class=\"wp-block-wk-link-box link-box\"><h3 class=\"link-box__title\">Informationen der Europ\u00e4ischen Kommission<\/h3><p class=\"link-box__text\">Auf der Website der Europ\u00e4ischen Kommission finden Sie weitere Informationen zur Europ\u00e4ischen Krankenversicherungskarte und zur geplanten Behandlung.<\/p><a href=\"https:\/\/ec.europa.eu\/social\/main.jsp?catId=559&amp;langId=de\" target=\"_blank\" class=\"link-box__button button\" rel=\"noopener noreferrer\">Mehr<\/a><\/div>\n<\/div>\n<\/div><\/div>\n<\/div><\/div><\/div>\n","protected":false},"excerpt":{"rendered":"<p>Sie planen einen vor\u00fcbergehenden Aufenthalt in der EU, EFTA oder im UK? Was ist, wenn Sie krank werden oder verunfallen? Sie finden hier wichtige Informationen zum Krankenversicherungsschutz im Ausland.<\/p>\n","protected":false},"author":1,"featured_media":0,"parent":2834,"menu_order":206,"comment_status":"closed","ping_status":"closed","template":"","meta":{"_acf_changed":false,"_relevanssi_hide_post":"","_relevanssi_hide_content":"","_relevanssi_pin_for_all":"","_relevanssi_pin_keywords":"","_relevanssi_unpin_keywords":"","_relevanssi_related_keywords":"","_relevanssi_related_include_ids":"","_relevanssi_related_exclude_ids":"","_relevanssi_related_no_append":"","_relevanssi_related_not_related":"","_relevanssi_related_posts":"","_relevanssi_noindex_reason":"","ghostkit_customizer_options":"","ghostkit_custom_css":"","ghostkit_custom_js_head":"","ghostkit_custom_js_foot":"","ghostkit_typography":"","footnotes":""},"class_list":["post-3707","page","type-page","status-publish","hentry"],"acf":[],"yoast_head":"<!-- This site is optimized with the Yoast SEO plugin v26.2 - https:\/\/yoast.com\/wordpress\/plugins\/seo\/ -->\n<title>Stay in the EU\/EFTA | Gemeinsame Einrichtung KVG<\/title>\n<meta name=\"description\" content=\"Stay in the EU\/EFTA | Important information on health insurance cover abroad\" \/>\n<meta name=\"robots\" content=\"index, follow, max-snippet:-1, max-image-preview:large, max-video-preview:-1\" \/>\n<link rel=\"canonical\" href=\"https:\/\/www.kvg.org\/en\/private-persons\/stay-in-the-eu-efta\/\" \/>\n<meta property=\"og:locale\" content=\"en_US\" \/>\n<meta property=\"og:type\" content=\"article\" \/>\n<meta property=\"og:title\" content=\"Stay in the EU\/EFTA | Gemeinsame Einrichtung KVG\" \/>\n<meta property=\"og:description\" content=\"Stay in the EU\/EFTA | Important information on health insurance cover abroad\" \/>\n<meta property=\"og:url\" content=\"https:\/\/www.kvg.org\/en\/private-persons\/stay-in-the-eu-efta\/\" \/>\n<meta property=\"og:site_name\" content=\"Gemeinsame Einrichtung KVG\" \/>\n<meta property=\"article:modified_time\" content=\"2023-03-17T13:25:46+00:00\" \/>\n<meta property=\"og:image\" content=\"https:\/\/www.kvg.org\/wp-content\/uploads\/muster-der-europaischen-krankenversicherungskarte.png\" \/>\n<meta name=\"twitter:card\" content=\"summary_large_image\" \/>\n<meta name=\"twitter:label1\" content=\"Est. reading time\" \/>\n\t<meta name=\"twitter:data1\" content=\"2 minutes\" \/>\n<script type=\"application\/ld+json\" class=\"yoast-schema-graph\">{\"@context\":\"https:\/\/schema.org\",\"@graph\":[{\"@type\":\"WebPage\",\"@id\":\"https:\/\/www.kvg.org\/en\/private-persons\/stay-in-the-eu-efta\/\",\"url\":\"https:\/\/www.kvg.org\/en\/private-persons\/stay-in-the-eu-efta\/\",\"name\":\"Stay in the EU\/EFTA | Gemeinsame Einrichtung KVG\",\"isPartOf\":{\"@id\":\"https:\/\/www.kvg.org\/en\/#website\"},\"primaryImageOfPage\":{\"@id\":\"https:\/\/www.kvg.org\/en\/private-persons\/stay-in-the-eu-efta\/#primaryimage\"},\"image\":{\"@id\":\"https:\/\/www.kvg.org\/en\/private-persons\/stay-in-the-eu-efta\/#primaryimage\"},\"thumbnailUrl\":\"https:\/\/www.kvg.org\/wp-content\/uploads\/muster-der-europaischen-krankenversicherungskarte.png\",\"datePublished\":\"2022-03-25T10:06:29+00:00\",\"dateModified\":\"2023-03-17T13:25:46+00:00\",\"description\":\"Stay in the EU\/EFTA | Important information on health insurance cover abroad\",\"breadcrumb\":{\"@id\":\"https:\/\/www.kvg.org\/en\/private-persons\/stay-in-the-eu-efta\/#breadcrumb\"},\"inLanguage\":\"en-US\",\"potentialAction\":[{\"@type\":\"ReadAction\",\"target\":[\"https:\/\/www.kvg.org\/en\/private-persons\/stay-in-the-eu-efta\/\"]}]},{\"@type\":\"ImageObject\",\"inLanguage\":\"en-US\",\"@id\":\"https:\/\/www.kvg.org\/en\/private-persons\/stay-in-the-eu-efta\/#primaryimage\",\"url\":\"https:\/\/www.kvg.org\/wp-content\/uploads\/muster-der-europaischen-krankenversicherungskarte.png\",\"contentUrl\":\"https:\/\/www.kvg.org\/wp-content\/uploads\/muster-der-europaischen-krankenversicherungskarte.png\"},{\"@type\":\"BreadcrumbList\",\"@id\":\"https:\/\/www.kvg.org\/en\/private-persons\/stay-in-the-eu-efta\/#breadcrumb\",\"itemListElement\":[{\"@type\":\"ListItem\",\"position\":1,\"name\":\"Startseite\",\"item\":\"https:\/\/www.kvg.org\/en\/\"},{\"@type\":\"ListItem\",\"position\":2,\"name\":\"Private persons\",\"item\":\"https:\/\/www.kvg.org\/en\/private-persons\/\"},{\"@type\":\"ListItem\",\"position\":3,\"name\":\"Stay in the EU\/EFTA or in UK\"}]},{\"@type\":\"WebSite\",\"@id\":\"https:\/\/www.kvg.org\/en\/#website\",\"url\":\"https:\/\/www.kvg.org\/en\/\",\"name\":\"Gemeinsame Einrichtung KVG\",\"description\":\"Wir schlagen Br\u00fccken zum Nutzen der schweizerischen Wohnbev\u00f6lkerung, der Volkswirtschaft und des Gesundheitswesens.\",\"publisher\":{\"@id\":\"https:\/\/www.kvg.org\/en\/#organization\"},\"potentialAction\":[{\"@type\":\"SearchAction\",\"target\":{\"@type\":\"EntryPoint\",\"urlTemplate\":\"https:\/\/www.kvg.org\/en\/?s={search_term_string}\"},\"query-input\":{\"@type\":\"PropertyValueSpecification\",\"valueRequired\":true,\"valueName\":\"search_term_string\"}}],\"inLanguage\":\"en-US\"},{\"@type\":\"Organization\",\"@id\":\"https:\/\/www.kvg.org\/en\/#organization\",\"name\":\"Gemeinsame Einrichtung KVG\",\"url\":\"https:\/\/www.kvg.org\/en\/\",\"logo\":{\"@type\":\"ImageObject\",\"inLanguage\":\"en-US\",\"@id\":\"https:\/\/www.kvg.org\/en\/#\/schema\/logo\/image\/\",\"url\":\"\",\"contentUrl\":\"\",\"caption\":\"Gemeinsame Einrichtung KVG\"},\"image\":{\"@id\":\"https:\/\/www.kvg.org\/en\/#\/schema\/logo\/image\/\"},\"sameAs\":[\"https:\/\/ch.linkedin.com\/company\/gemeinsame-einrichtung-kvg\"]}]}<\/script>\n<!-- \/ Yoast SEO plugin. -->","yoast_head_json":{"title":"Stay in the EU\/EFTA | Gemeinsame Einrichtung KVG","description":"Stay in the EU\/EFTA | Important information on health insurance cover abroad","robots":{"index":"index","follow":"follow","max-snippet":"max-snippet:-1","max-image-preview":"max-image-preview:large","max-video-preview":"max-video-preview:-1"},"canonical":"https:\/\/www.kvg.org\/en\/private-persons\/stay-in-the-eu-efta\/","og_locale":"en_US","og_type":"article","og_title":"Stay in the EU\/EFTA | Gemeinsame Einrichtung KVG","og_description":"Stay in the EU\/EFTA | Important information on health insurance cover abroad","og_url":"https:\/\/www.kvg.org\/en\/private-persons\/stay-in-the-eu-efta\/","og_site_name":"Gemeinsame Einrichtung KVG","article_modified_time":"2023-03-17T13:25:46+00:00","og_image":[{"url":"https:\/\/www.kvg.org\/wp-content\/uploads\/muster-der-europaischen-krankenversicherungskarte.png","type":"","width":"","height":""}],"twitter_card":"summary_large_image","twitter_misc":{"Est. reading time":"2 minutes"},"schema":{"@context":"https:\/\/schema.org","@graph":[{"@type":"WebPage","@id":"https:\/\/www.kvg.org\/en\/private-persons\/stay-in-the-eu-efta\/","url":"https:\/\/www.kvg.org\/en\/private-persons\/stay-in-the-eu-efta\/","name":"Stay in the EU\/EFTA | Gemeinsame Einrichtung KVG","isPartOf":{"@id":"https:\/\/www.kvg.org\/en\/#website"},"primaryImageOfPage":{"@id":"https:\/\/www.kvg.org\/en\/private-persons\/stay-in-the-eu-efta\/#primaryimage"},"image":{"@id":"https:\/\/www.kvg.org\/en\/private-persons\/stay-in-the-eu-efta\/#primaryimage"},"thumbnailUrl":"https:\/\/www.kvg.org\/wp-content\/uploads\/muster-der-europaischen-krankenversicherungskarte.png","datePublished":"2022-03-25T10:06:29+00:00","dateModified":"2023-03-17T13:25:46+00:00","description":"Stay in the EU\/EFTA | Important information on health insurance cover abroad","breadcrumb":{"@id":"https:\/\/www.kvg.org\/en\/private-persons\/stay-in-the-eu-efta\/#breadcrumb"},"inLanguage":"en-US","potentialAction":[{"@type":"ReadAction","target":["https:\/\/www.kvg.org\/en\/private-persons\/stay-in-the-eu-efta\/"]}]},{"@type":"ImageObject","inLanguage":"en-US","@id":"https:\/\/www.kvg.org\/en\/private-persons\/stay-in-the-eu-efta\/#primaryimage","url":"https:\/\/www.kvg.org\/wp-content\/uploads\/muster-der-europaischen-krankenversicherungskarte.png","contentUrl":"https:\/\/www.kvg.org\/wp-content\/uploads\/muster-der-europaischen-krankenversicherungskarte.png"},{"@type":"BreadcrumbList","@id":"https:\/\/www.kvg.org\/en\/private-persons\/stay-in-the-eu-efta\/#breadcrumb","itemListElement":[{"@type":"ListItem","position":1,"name":"Startseite","item":"https:\/\/www.kvg.org\/en\/"},{"@type":"ListItem","position":2,"name":"Private persons","item":"https:\/\/www.kvg.org\/en\/private-persons\/"},{"@type":"ListItem","position":3,"name":"Stay in the EU\/EFTA or in UK"}]},{"@type":"WebSite","@id":"https:\/\/www.kvg.org\/en\/#website","url":"https:\/\/www.kvg.org\/en\/","name":"Gemeinsame Einrichtung KVG","description":"Wir schlagen Br\u00fccken zum Nutzen der schweizerischen Wohnbev\u00f6lkerung, der Volkswirtschaft und des Gesundheitswesens.","publisher":{"@id":"https:\/\/www.kvg.org\/en\/#organization"},"potentialAction":[{"@type":"SearchAction","target":{"@type":"EntryPoint","urlTemplate":"https:\/\/www.kvg.org\/en\/?s={search_term_string}"},"query-input":{"@type":"PropertyValueSpecification","valueRequired":true,"valueName":"search_term_string"}}],"inLanguage":"en-US"},{"@type":"Organization","@id":"https:\/\/www.kvg.org\/en\/#organization","name":"Gemeinsame Einrichtung KVG","url":"https:\/\/www.kvg.org\/en\/","logo":{"@type":"ImageObject","inLanguage":"en-US","@id":"https:\/\/www.kvg.org\/en\/#\/schema\/logo\/image\/","url":"","contentUrl":"","caption":"Gemeinsame Einrichtung KVG"},"image":{"@id":"https:\/\/www.kvg.org\/en\/#\/schema\/logo\/image\/"},"sameAs":["https:\/\/ch.linkedin.com\/company\/gemeinsame-einrichtung-kvg"]}]}},"_links":{"self":[{"href":"https:\/\/www.kvg.org\/en\/wp-json\/wp\/v2\/pages\/3707","targetHints":{"allow":["GET"]}}],"collection":[{"href":"https:\/\/www.kvg.org\/en\/wp-json\/wp\/v2\/pages"}],"about":[{"href":"https:\/\/www.kvg.org\/en\/wp-json\/wp\/v2\/types\/page"}],"author":[{"embeddable":true,"href":"https:\/\/www.kvg.org\/en\/wp-json\/wp\/v2\/users\/1"}],"replies":[{"embeddable":true,"href":"https:\/\/www.kvg.org\/en\/wp-json\/wp\/v2\/comments?post=3707"}],"version-history":[{"count":4,"href":"https:\/\/www.kvg.org\/en\/wp-json\/wp\/v2\/pages\/3707\/revisions"}],"predecessor-version":[{"id":5719,"href":"https:\/\/www.kvg.org\/en\/wp-json\/wp\/v2\/pages\/3707\/revisions\/5719"}],"up":[{"embeddable":true,"href":"https:\/\/www.kvg.org\/en\/wp-json\/wp\/v2\/pages\/2834"}],"wp:attachment":[{"href":"https:\/\/www.kvg.org\/en\/wp-json\/wp\/v2\/media?parent=3707"}],"curies":[{"name":"wp","href":"https:\/\/api.w.org\/{rel}","templated":true}]}}